{"id":14,"date":"2020-06-05T18:40:59","date_gmt":"2020-06-05T16:40:59","guid":{"rendered":"https:\/\/www.cursoacv.com\/?page_id=14"},"modified":"2021-02-10T21:30:16","modified_gmt":"2021-02-10T19:30:16","slug":"quienes-somos","status":"publish","type":"page","link":"https:\/\/www.cursoacv.com\/?page_id=14","title":{"rendered":"Qui\u00e9nes somos"},"content":{"rendered":"<p>[vc_row css_animation=\u00bb\u00bb row_type=\u00bbrow\u00bb use_row_as_full_screen_section=\u00bbno\u00bb type=\u00bbfull_width\u00bb angled_section=\u00bbno\u00bb text_align=\u00bbcenter\u00bb background_image_as_pattern=\u00bbwithout_pattern\u00bb background_image=\u00bb769&#8243; z_index=\u00bb\u00bb][vc_column][vc_empty_space height=\u00bb120px\u00bb][vc_column_text]<\/p>\n<h1 style=\"text-align: center;\">\u00bfQUI\u00c9NES <span style=\"color: #e774aa;\">SOMOS?<\/span><\/h1>\n<p>[\/vc_column_text][vc_empty_space height=\u00bb60px\u00bb][\/vc_column][\/vc_row][vc_row css_animation=\u00bb\u00bb row_type=\u00bbrow\u00bb use_row_as_full_screen_section=\u00bbno\u00bb type=\u00bbfull_width\u00bb angled_section=\u00bbno\u00bb text_align=\u00bbleft\u00bb background_image_as_pattern=\u00bbwithout_pattern\u00bb][vc_column][vc_empty_space height=\u00bb30px\u00bb][vc_row_inner row_type=\u00bbrow\u00bb type=\u00bbgrid\u00bb text_align=\u00bbleft\u00bb css_animation=\u00bb\u00bb][vc_column_inner width=\u00bb1\/6&#8243;][\/vc_column_inner][vc_column_inner width=\u00bb2\/3&#8243;][vc_column_text el_class=\u00bbfeatured\u00bb]<\/p>\n<p style=\"text-align: center;\">Cursoacv lo formamos <span style=\"text-decoration: underline;\">profesionales apasionados<\/span> por el \u00e1mbito veterinario con m\u00e1s de <span style=\"text-decoration: underline;\">10 a\u00f1os de experiencia<\/span>.<\/p>\n<p>[\/vc_column_text][vc_empty_space][vc_column_text]Curso<span style=\"color: #e774aa;\">acv<\/span> lo formamos un grupo de profesionales apasionados por el \u00e1mbito veterinario, en el que pensamos que hay que exigir los m\u00e1s altos est\u00e1ndares de calidad. Nuestros m\u00e1s de 10 a\u00f1os de experiencia nos han ense\u00f1ado que la formaci\u00f3n es vital para el desarrollo de un puesto tan esencial en la empresa veterinaria como es el Auxiliar Cl\u00ednico Veterinario.<\/p>\n<p>Gracias a la implicaci\u00f3n de los centros veterinarios que colaboran en tu formaci\u00f3n pr\u00e1ctica y a nuestro equipo docente, hemos desarrollado un estilo de formaci\u00f3n exclusivo y diferente, para que nuestros alumnos se formen como excelentes trabajadores del sector. Se trata de una formaci\u00f3n eminentemente pr\u00e1ctica, para que el alumno pueda combinar su aprendizaje te\u00f3rico con la experiencia en cl\u00ednica desde el primer d\u00eda. Esto le permitir\u00e1 tener una visi\u00f3n mucho m\u00e1s amplia del puesto de trabajo y adquirir los conocimientos necesarios de su profesi\u00f3n para ser uno de los candidatos m\u00e1s competitivos de un mercado en auge, el de los animales de compa\u00f1\u00eda.[\/vc_column_text][vc_empty_space height=\u00bb60px\u00bb][\/vc_column_inner][vc_column_inner width=\u00bb1\/6&#8243;][\/vc_column_inner][\/vc_row_inner][\/vc_column][\/vc_row][vc_row css_animation=\u00bb\u00bb row_type=\u00bbrow\u00bb use_row_as_full_screen_section=\u00bbno\u00bb type=\u00bbfull_width\u00bb angled_section=\u00bbno\u00bb text_align=\u00bbcenter\u00bb background_image_as_pattern=\u00bbwithout_pattern\u00bb z_index=\u00bb\u00bb][vc_column offset=\u00bbvc_hidden-lg vc_hidden-md\u00bb][vc_row_inner row_type=\u00bbrow\u00bb type=\u00bbgrid\u00bb text_align=\u00bbcenter\u00bb css_animation=\u00bb\u00bb][vc_column_inner width=\u00bb1\/3&#8243;]<div class='q_icon_with_title medium normal_icon center '><div class=\"icon_holder \" style=\" \"><span data-icon-type=\"normal\"  data-icon-hover-color=\"#666666\" style=\"\" class=\"qode_iwt_icon_holder q_font_awsome_icon fa-3x  \"><i class=\"qode_icon_font_awesome_5 fa5 fa fa-user-md qode_iwt_icon_element\" style=\"color: #666666;\" ><\/i><\/span><\/div><div class=\"icon_text_holder\" style=\"\"><div class=\"icon_text_inner\" style=\"\"><h3 class=\"icon_title\" style=\"color: #e774aa;\">Nuestros cursos<\/h3>[vc_separator type=\"small\" position=\"left\" color=\"#ffffff\" thickness=\"2\" width=\"20\" up=\"0\" down=\"15\"]<p style='color: #666666'>Formaci\u00f3n pr\u00e1ctica con los mejores profesionales.<\/p><\/div><\/div><\/div>\n\n\t<a href=\"\/cursos\" target=\"_self\" style=\"color: #ffffff\" class=\"qode-btn qode-btn-medium qode-btn-solid qode-btn-custom-hover-color qode-btn-icon qode-btn-default-hover\" data-hover-color=\"#ffffff\" >\n\t    <span class=\"qode-btn-text\">Nuestros cursos<\/span><span class=\"qode-button-v2-icon-holder\"  ><i class=\"qode_icon_font_awesome fa fa-chevron-right qode-button-v2-icon-holder-inner\" ><\/i><\/span>\t<\/a>\n\n[vc_empty_space][\/vc_column_inner][vc_column_inner width=\u00bb1\/3&#8243;]<div class='q_icon_with_title medium normal_icon center '><div class=\"icon_holder \" style=\" \"><span data-icon-type=\"normal\"  data-icon-hover-color=\"#666666\" style=\"\" class=\"qode_iwt_icon_holder q_font_awsome_icon fa-3x  \"><i class=\"qode_icon_font_awesome_5 fa5 fa fa-hospital qode_iwt_icon_element\" style=\"color: #666666;\" ><\/i><\/span><\/div><div class=\"icon_text_holder\" style=\"\"><div class=\"icon_text_inner\" style=\"\"><h3 class=\"icon_title\" style=\"color: #e774aa;\">Centros Veterinarios<\/h3>[vc_separator type=\"small\" position=\"left\" color=\"#ffffff\" thickness=\"2\" width=\"20\" up=\"0\" down=\"15\"]<p style='color: #666666'>Centros con acuerdo para tu formaci\u00f3n pr\u00e1ctica.<\/p><\/div><\/div><\/div>\n\n\t<a href=\"\/centros\" target=\"_self\" style=\"color: #ffffff\" class=\"qode-btn qode-btn-medium qode-btn-solid qode-btn-custom-hover-color qode-btn-icon qode-btn-default-hover\" data-hover-color=\"#ffffff\" >\n\t    <span class=\"qode-btn-text\">Centros veterinarios<\/span><span class=\"qode-button-v2-icon-holder\"  ><i class=\"qode_icon_font_awesome fa fa-chevron-right qode-button-v2-icon-holder-inner\" ><\/i><\/span>\t<\/a>\n\n[vc_empty_space][\/vc_column_inner][vc_column_inner width=\u00bb1\/3&#8243;]<div class='q_icon_with_title medium normal_icon center '><div class=\"icon_holder \" style=\" \"><span data-icon-type=\"normal\"  data-icon-hover-color=\"#666666\" style=\"\" class=\"qode_iwt_icon_holder q_font_awsome_icon fa-3x  \"><i class=\"qode_icon_font_awesome_5 fa5 fa fa-info-circle qode_iwt_icon_element\" style=\"color: #666666;\" ><\/i><\/span><\/div><div class=\"icon_text_holder\" style=\"\"><div class=\"icon_text_inner\" style=\"\"><h3 class=\"icon_title\" style=\"color: #e774aa;\">M\u00e1s informaci\u00f3n<\/h3>[vc_separator type=\"small\" position=\"left\" color=\"#ffffff\" thickness=\"2\" width=\"20\" up=\"0\" down=\"15\"]<p style='color: #666666'>No dudes en contactarnos para solicitar m\u00e1s informaci\u00f3n.<\/p><\/div><\/div><\/div>\n\n\t<a href=\"\/contacto\" target=\"_self\" style=\"color: #ffffff\" class=\"qode-btn qode-btn-medium qode-btn-solid qode-btn-custom-hover-color qode-btn-icon qode-btn-default-hover\" data-hover-color=\"#ffffff\" >\n\t    <span class=\"qode-btn-text\">Contactar<\/span><span class=\"qode-button-v2-icon-holder\"  ><i class=\"qode_icon_font_awesome fa fa-chevron-right qode-button-v2-icon-holder-inner\" ><\/i><\/span>\t<\/a>\n\n[vc_empty_space][\/vc_column_inner][\/vc_row_inner][vc_empty_space height=\u00bb28px\u00bb][\/vc_column][\/vc_row][vc_row css_animation=\u00bb\u00bb row_type=\u00bbrow\u00bb use_row_as_full_screen_section=\u00bbno\u00bb type=\u00bbfull_width\u00bb angled_section=\u00bbno\u00bb text_align=\u00bbcenter\u00bb background_image_as_pattern=\u00bbwithout_pattern\u00bb z_index=\u00bb\u00bb][vc_column offset=\u00bbvc_hidden-sm vc_hidden-xs\u00bb][vc_row_inner row_type=\u00bbrow\u00bb type=\u00bbgrid\u00bb text_align=\u00bbcenter\u00bb css_animation=\u00bb\u00bb][vc_column_inner width=\u00bb1\/3&#8243;]<div class='q_icon_with_title medium normal_icon center '><div class=\"icon_holder \" style=\" \"><span data-icon-type=\"normal\"  data-icon-hover-color=\"#666666\" style=\"\" class=\"qode_iwt_icon_holder q_font_awsome_icon fa-3x  \"><i class=\"qode_icon_font_awesome_5 fa5 fa fa-user-md qode_iwt_icon_element\" style=\"color: #666666;\" ><\/i><\/span><\/div><div class=\"icon_text_holder\" style=\"\"><div class=\"icon_text_inner\" style=\"\"><h3 class=\"icon_title\" style=\"color: #e774aa;\">Nuestros cursos<\/h3>[vc_separator type=\"small\" position=\"left\" color=\"#ffffff\" thickness=\"2\" width=\"20\" up=\"0\" down=\"15\"]<p style='color: #666666'>Formaci\u00f3n pr\u00e1ctica con los mejores profesionales.<\/p><\/div><\/div><\/div>[\/vc_column_inner][vc_column_inner width=\u00bb1\/3&#8243;]<div class='q_icon_with_title medium normal_icon center '><div class=\"icon_holder \" style=\" \"><span data-icon-type=\"normal\"  data-icon-hover-color=\"#666666\" style=\"\" class=\"qode_iwt_icon_holder q_font_awsome_icon fa-3x  \"><i class=\"qode_icon_font_awesome_5 fa5 fa fa-hospital qode_iwt_icon_element\" style=\"color: #666666;\" ><\/i><\/span><\/div><div class=\"icon_text_holder\" style=\"\"><div class=\"icon_text_inner\" style=\"\"><h3 class=\"icon_title\" style=\"color: #e774aa;\">Centros Veterinarios<\/h3>[vc_separator type=\"small\" position=\"left\" color=\"#ffffff\" thickness=\"2\" width=\"20\" up=\"0\" down=\"15\"]<p style='color: #666666'>Centros con acuerdo para tu formaci\u00f3n pr\u00e1ctica.<\/p><\/div><\/div><\/div>[\/vc_column_inner][vc_column_inner width=\u00bb1\/3&#8243;]<div class='q_icon_with_title medium normal_icon center '><div class=\"icon_holder \" style=\" \"><span data-icon-type=\"normal\"  data-icon-hover-color=\"#666666\" style=\"\" class=\"qode_iwt_icon_holder q_font_awsome_icon fa-3x  \"><i class=\"qode_icon_font_awesome_5 fa5 fa fa-info-circle qode_iwt_icon_element\" style=\"color: #666666;\" ><\/i><\/span><\/div><div class=\"icon_text_holder\" style=\"\"><div class=\"icon_text_inner\" style=\"\"><h3 class=\"icon_title\" style=\"color: #e774aa;\">M\u00e1s informaci\u00f3n<\/h3>[vc_separator type=\"small\" position=\"left\" color=\"#ffffff\" thickness=\"2\" width=\"20\" up=\"0\" down=\"15\"]<p style='color: #666666'>No dudes en contactarnos para solicitar m\u00e1s informaci\u00f3n.<\/p><\/div><\/div><\/div>[\/vc_column_inner][\/vc_row_inner][vc_row_inner row_type=\u00bbrow\u00bb type=\u00bbgrid\u00bb text_align=\u00bbcenter\u00bb css_animation=\u00bb\u00bb][vc_column_inner width=\u00bb1\/3&#8243;]\n\n\t<a href=\"\/cursos\" target=\"_self\" style=\"color: #ffffff\" class=\"qode-btn qode-btn-medium qode-btn-solid qode-btn-custom-hover-color qode-btn-icon qode-btn-default-hover\" data-hover-color=\"#ffffff\" >\n\t    <span class=\"qode-btn-text\">Nuestros cursos<\/span><span class=\"qode-button-v2-icon-holder\"  ><i class=\"qode_icon_font_awesome fa fa-chevron-right qode-button-v2-icon-holder-inner\" ><\/i><\/span>\t<\/a>\n\n[vc_empty_space][\/vc_column_inner][vc_column_inner width=\u00bb1\/3&#8243;]\n\n\t<a href=\"\/centros\" target=\"_self\" style=\"color: #ffffff\" class=\"qode-btn qode-btn-medium qode-btn-solid qode-btn-custom-hover-color qode-btn-icon qode-btn-default-hover\" data-hover-color=\"#ffffff\" >\n\t    <span class=\"qode-btn-text\">Centros veterinarios<\/span><span class=\"qode-button-v2-icon-holder\"  ><i class=\"qode_icon_font_awesome fa fa-chevron-right qode-button-v2-icon-holder-inner\" ><\/i><\/span>\t<\/a>\n\n[vc_empty_space][\/vc_column_inner][vc_column_inner width=\u00bb1\/3&#8243;]\n\n\t<a href=\"\/contacto\" target=\"_self\" style=\"color: #ffffff\" class=\"qode-btn qode-btn-medium qode-btn-solid qode-btn-custom-hover-color qode-btn-icon qode-btn-default-hover\" data-hover-color=\"#ffffff\" >\n\t    <span class=\"qode-btn-text\">Contactar<\/span><span class=\"qode-button-v2-icon-holder\"  ><i class=\"qode_icon_font_awesome fa fa-chevron-right qode-button-v2-icon-holder-inner\" ><\/i><\/span>\t<\/a>\n\n[vc_empty_space][\/vc_column_inner][\/vc_row_inner][vc_empty_space height=\u00bb28px\u00bb][\/vc_column][\/vc_row]<\/p>\n","protected":false},"excerpt":{"rendered":"<p>[vc_row css_animation=\u00bb\u00bb row_type=\u00bbrow\u00bb use_row_as_full_screen_section=\u00bbno\u00bb type=\u00bbfull_width\u00bb angled_section=\u00bbno\u00bb text_align=\u00bbcenter\u00bb background_image_as_pattern=\u00bbwithout_pattern\u00bb background_image=\u00bb769&#8243; z_index=\u00bb\u00bb][vc_column][vc_empty_space height=\u00bb120px\u00bb][vc_column_text] \u00bfQUI\u00c9NES SOMOS? [\/vc_column_text][vc_empty_space height=\u00bb60px\u00bb][\/vc_column][\/vc_row][vc_row css_animation=\u00bb\u00bb row_type=\u00bbrow\u00bb use_row_as_full_screen_section=\u00bbno\u00bb type=\u00bbfull_width\u00bb angled_section=\u00bbno\u00bb text_align=\u00bbleft\u00bb background_image_as_pattern=\u00bbwithout_pattern\u00bb][vc_column][vc_empty_space height=\u00bb30px\u00bb][vc_row_inner row_type=\u00bbrow\u00bb type=\u00bbgrid\u00bb text_align=\u00bbleft\u00bb css_animation=\u00bb\u00bb][vc_column_inner width=\u00bb1\/6&#8243;][\/vc_column_inner][vc_column_inner width=\u00bb2\/3&#8243;][vc_column_text el_class=\u00bbfeatured\u00bb] Cursoacv lo formamos profesionales apasionados por el \u00e1mbito veterinario con m\u00e1s de 10 a\u00f1os de&#8230;<\/p>\n","protected":false},"author":1,"featured_media":0,"parent":0,"menu_order":10,"comment_status":"closed","ping_status":"closed","template":"full_width.php","meta":{"footnotes":""},"class_list":["post-14","page","type-page","status-publish","hentry"],"_links":{"self":[{"href":"https:\/\/www.cursoacv.com\/index.php?rest_route=\/wp\/v2\/pages\/14","targetHints":{"allow":["GET"]}}],"collection":[{"href":"https:\/\/www.cursoacv.com\/index.php?rest_route=\/wp\/v2\/pages"}],"about":[{"href":"https:\/\/www.cursoacv.com\/index.php?rest_route=\/wp\/v2\/types\/page"}],"author":[{"embeddable":true,"href":"https:\/\/www.cursoacv.com\/index.php?rest_route=\/wp\/v2\/users\/1"}],"replies":[{"embeddable":true,"href":"https:\/\/www.cursoacv.com\/index.php?rest_route=%2Fwp%2Fv2%2Fcomments&post=14"}],"version-history":[{"count":45,"href":"https:\/\/www.cursoacv.com\/index.php?rest_route=\/wp\/v2\/pages\/14\/revisions"}],"predecessor-version":[{"id":1238,"href":"https:\/\/www.cursoacv.com\/index.php?rest_route=\/wp\/v2\/pages\/14\/revisions\/1238"}],"wp:attachment":[{"href":"https:\/\/www.cursoacv.com\/index.php?rest_route=%2Fwp%2Fv2%2Fmedia&parent=14"}],"curies":[{"name":"wp","href":"https:\/\/api.w.org\/{rel}","templated":true}]}}