{"id":377,"date":"2020-07-06T18:35:41","date_gmt":"2020-07-06T16:35:41","guid":{"rendered":"https:\/\/www.cursoacv.com\/?page_id=377"},"modified":"2022-05-16T14:15:11","modified_gmt":"2022-05-16T12:15:11","slug":"anicura-marina-alta","status":"publish","type":"page","link":"https:\/\/www.cursoacv.com\/?page_id=377","title":{"rendered":"Denia, Alicante"},"content":{"rendered":"<p>[vc_row css_animation=\u00bb\u00bb row_type=\u00bbrow\u00bb use_row_as_full_screen_section=\u00bbno\u00bb type=\u00bbfull_width\u00bb angled_section=\u00bbno\u00bb text_align=\u00bbcenter\u00bb background_image_as_pattern=\u00bbwithout_pattern\u00bb background_image=\u00bb36&#8243; z_index=\u00bb\u00bb][vc_column][vc_empty_space height=\u00bb120px\u00bb][vc_column_text]<\/p>\n<h1 style=\"text-align: center;\">ANICURA <span style=\"color: #e774aa;\">MARINA ALTA C.V.<\/span><\/h1>\n<p>[\/vc_column_text][vc_empty_space height=\u00bb60px\u00bb][\/vc_column][\/vc_row][vc_row css_animation=\u00bb\u00bb row_type=\u00bbrow\u00bb use_row_as_full_screen_section=\u00bbno\u00bb type=\u00bbfull_width\u00bb angled_section=\u00bbno\u00bb text_align=\u00bbleft\u00bb background_image_as_pattern=\u00bbwithout_pattern\u00bb][vc_column][vc_empty_space height=\u00bb30px\u00bb][\/vc_column][\/vc_row][vc_row css_animation=\u00bb\u00bb row_type=\u00bbrow\u00bb use_row_as_full_screen_section=\u00bbno\u00bb type=\u00bbgrid\u00bb angled_section=\u00bbno\u00bb text_align=\u00bbleft\u00bb background_image_as_pattern=\u00bbwithout_pattern\u00bb z_index=\u00bb\u00bb][vc_column width=\u00bb1\/2&#8243;][vc_single_image image=\u00bb1362&#8243; img_size=\u00bblarge\u00bb alignment=\u00bbcenter\u00bb qode_css_animation=\u00bb\u00bb][vc_empty_space]<div class=\"qode-advanced-image-gallery  qode-aig-grid-type qode-tiny-space  qode-image-behavior-lightbox \">\n\t<div class=\"qode-aig-inner qode-outer-space qode-aig-grid qode-aig-four-columns\">\n\t\t\t\t\t<div class=\"qode-aig-image qode-item-space\">\n\t\t\t\t<div class=\"qode-aig-image-inner\">\n\t\t\t\t\t\t\t\t\t\t\t<a itemprop=\"image\" class=\"qode-aig-lightbox\" href=\"https:\/\/www.cursoacv.com\/wp-content\/uploads\/2020\/07\/cursos-auxiliar-veterinario-anicura-denia-alicante.jpg\" data-rel=\"prettyPhoto[image_gallery_pretty_photo-710]\" title=\"cursos auxiliar veterinario anicura denia alicante\">\n\t\t\t\t\t\t\t\t\t\t\t<img decoding=\"async\" width=\"150\" height=\"150\" src=\"https:\/\/www.cursoacv.com\/wp-content\/uploads\/2020\/07\/cursos-auxiliar-veterinario-anicura-denia-alicante-150x150.jpg\" class=\"attachment-thumbnail size-thumbnail\" alt=\"\" srcset=\"https:\/\/www.cursoacv.com\/wp-content\/uploads\/2020\/07\/cursos-auxiliar-veterinario-anicura-denia-alicante-150x150.jpg 150w, https:\/\/www.cursoacv.com\/wp-content\/uploads\/2020\/07\/cursos-auxiliar-veterinario-anicura-denia-alicante-570x570.jpg 570w, https:\/\/www.cursoacv.com\/wp-content\/uploads\/2020\/07\/cursos-auxiliar-veterinario-anicura-denia-alicante-600x600.jpg 600w, https:\/\/www.cursoacv.com\/wp-content\/uploads\/2020\/07\/cursos-auxiliar-veterinario-anicura-denia-alicante-500x500.jpg 500w, https:\/\/www.cursoacv.com\/wp-content\/uploads\/2020\/07\/cursos-auxiliar-veterinario-anicura-denia-alicante-300x300.jpg 300w, https:\/\/www.cursoacv.com\/wp-content\/uploads\/2020\/07\/cursos-auxiliar-veterinario-anicura-denia-alicante-100x100.jpg 100w\" sizes=\"(max-width: 150px) 100vw, 150px\" \/>\t\t\t\t\t\t<span class=\"aig-gallery-hover\">\n\t\t\t\t\t\t\t\t\t\t\t\t\t<\/span>\n\t\t\t\t\t\t\t\t\t\t\t<\/a>\n\t\t\t\t\t\t\t\t\t<\/div>\n\t\t\t<\/div>\n\t\t\t<\/div>\n<\/div>[vc_empty_space][\/vc_column][vc_column width=\u00bb1\/2&#8243;][vc_row_inner row_type=\u00bbrow\u00bb type=\u00bbfull_width\u00bb text_align=\u00bbleft\u00bb css_animation=\u00bb\u00bb css=\u00bb.vc_custom_1592408349122{padding-top: 0px !important;padding-right: 35px !important;padding-bottom: 0px !important;padding-left: 35px !important;background-color: #666666 !important;}\u00bb][vc_column_inner][vc_empty_space][vc_column_text]<\/p>\n<p style=\"color: #ffffff;\">El centro veterinario Marina Alta est\u00e1 ubicado en Denia, Alicante.<\/p>\n<p style=\"color: #ffffff;\">Es un centro de atenci\u00f3n primaria especializado en perros, gatos y tambi\u00e9n animales ex\u00f3ticos, que proporciona atenci\u00f3n 24 horas.<\/p>\n<p style=\"color: #ffffff;\">Adem\u00e1s, es un centro que atiende en alem\u00e1n, ingl\u00e9s, franc\u00e9s, valenciano y castellano, porque apuestan por una comunicaci\u00f3n cercana y clara.<\/p>\n<p>[\/vc_column_text][vc_empty_space]<div class=\"q_icon_list\"><i class=\"qode_icon_font_awesome_5 fa5 fa fa-phone qode-ili-icon-holder transparent\" style=\"color: #ffffff;\" ><\/i><p style=\"color:#ffffff;font-size: 18px;font-weight: 400;\">+34 965 78 40 38<\/p><\/div><div class=\"q_icon_list\"><i class=\"qode_icon_font_awesome_5 fa5 fa fa-map-marker qode-ili-icon-holder transparent\" style=\"color: #ffffff;\" ><\/i><p style=\"color:#ffffff;font-size: 18px;font-weight: 400;\">Ctra. de Denia, Km. 1, 03700 Ondara, Alicante<\/p><\/div>[vc_empty_space][\/vc_column_inner][\/vc_row_inner][vc_empty_space]<div class=\"qode-accordion-holder clearfix qode-toggle qode-initial \">\n\t<h3 class=\"clearfix qode-title-holder\">\n<span class=\"qode-tab-title\">\n\t    <span class=\"qode-tab-title-inner\">\n        Reserva tu plaza    <\/span>\n<\/span>\n<span class=\"qode-accordion-mark\">\n    <span class=\"qode-accordion-mark-icon\">\n        <span class=\"icon_plus\"><\/span>\n        <span class=\"icon_minus-06\"><\/span>\n    <\/span>\n<\/span>\n<\/h3>\n<div id = reserva-plaza class=\"qode-accordion-content \" >\n    <div class=\"qode-accordion-content-inner\">\n        \n<div class=\"wpcf7 no-js\" id=\"wpcf7-f204-o1\" lang=\"es-ES\" dir=\"ltr\" data-wpcf7-id=\"204\">\n<div class=\"screen-reader-response\"><p role=\"status\" aria-live=\"polite\" aria-atomic=\"true\"><\/p> <ul><\/ul><\/div>\n<form action=\"\/index.php?rest_route=%2Fwp%2Fv2%2Fpages%2F377#wpcf7-f204-o1\" method=\"post\" class=\"wpcf7-form init cf7_custom_style_1\" aria-label=\"Formulario de contacto\" novalidate=\"novalidate\" data-status=\"init\">\n<fieldset class=\"hidden-fields-container\"><input type=\"hidden\" name=\"_wpcf7\" value=\"204\" \/><input type=\"hidden\" name=\"_wpcf7_version\" value=\"6.1.4\" \/><input type=\"hidden\" name=\"_wpcf7_locale\" value=\"es_ES\" \/><input type=\"hidden\" name=\"_wpcf7_unit_tag\" value=\"wpcf7-f204-o1\" \/><input type=\"hidden\" name=\"_wpcf7_container_post\" value=\"0\" \/><input type=\"hidden\" name=\"_wpcf7_posted_data_hash\" value=\"\" \/><input type=\"hidden\" name=\"_wpcf7_recaptcha_response\" value=\"\" \/>\n<\/fieldset>\n<p><span class=\"wpcf7-form-control-wrap\" data-name=\"your-name\"><input size=\"40\" maxlength=\"400\" class=\"wpcf7-form-control wpcf7-text wpcf7-validates-as-required\" aria-required=\"true\" aria-invalid=\"false\" placeholder=\"Nombre *\" value=\"\" type=\"text\" name=\"your-name\" \/><\/span>\n<\/p>\n<p><span class=\"wpcf7-form-control-wrap\" data-name=\"your-email\"><input size=\"40\" maxlength=\"400\" class=\"wpcf7-form-control wpcf7-email wpcf7-validates-as-required wpcf7-text wpcf7-validates-as-email\" aria-required=\"true\" aria-invalid=\"false\" placeholder=\"Email *\" value=\"\" type=\"email\" name=\"your-email\" \/><\/span>\n<\/p>\n<p><span class=\"wpcf7-form-control-wrap\" data-name=\"your-tel\"><input size=\"40\" maxlength=\"400\" class=\"wpcf7-form-control wpcf7-tel wpcf7-validates-as-required wpcf7-text wpcf7-validates-as-tel\" aria-required=\"true\" aria-invalid=\"false\" placeholder=\"Tel\u00e9fono *\" value=\"\" type=\"tel\" name=\"your-tel\" \/><\/span>\n<\/p>\n<p><span class=\"wpcf7-form-control-wrap\" data-name=\"your-message\"><textarea cols=\"40\" rows=\"10\" maxlength=\"2000\" class=\"wpcf7-form-control wpcf7-textarea\" aria-invalid=\"false\" placeholder=\"Mensaje opcional\" name=\"your-message\"><\/textarea><\/span>\n<\/p>\n<p>Utilizaremos sus datos para tramitar la reserva y enviar comunicaciones comerciales a clientes. Para m\u00e1s informaci\u00f3n sobre el tratamiento y sus derechos, consulte la <a target=\"_blank\" href=\"\/wp-content\/uploads\/2021\/10\/FORMACIO_PROFESSIONAL_DUNA_SL_Politica_de_PRIVACIDAD.pdf\">pol\u00edtica de privacidad<\/a>\n<\/p>\n<p><span class=\"wpcf7-form-control-wrap\" data-name=\"acceptance-367\"><span class=\"wpcf7-form-control wpcf7-acceptance\"><span class=\"wpcf7-list-item\"><label><input type=\"checkbox\" name=\"acceptance-367\" value=\"1\" aria-invalid=\"false\" \/><span class=\"wpcf7-list-item-label\">Acepto el tratamiento de datos para enviar comunicaciones comerciales<\/span><\/label><\/span><\/span><\/span>\n<\/p>\n<p><input class=\"wpcf7-form-control wpcf7-submit has-spinner\" type=\"submit\" value=\"Reservar plaza\" \/>\n<\/p><p style=\"display: none !important;\" class=\"akismet-fields-container\" data-prefix=\"_wpcf7_ak_\"><label>&#916;<textarea name=\"_wpcf7_ak_hp_textarea\" cols=\"45\" rows=\"8\" maxlength=\"100\"><\/textarea><\/label><input type=\"hidden\" id=\"ak_js_1\" name=\"_wpcf7_ak_js\" value=\"115\"\/><script>document.getElementById( \"ak_js_1\" ).setAttribute( \"value\", ( new Date() ).getTime() );<\/script><\/p><div class=\"wpcf7-response-output\" aria-hidden=\"true\"><\/div>\n<\/form>\n<\/div>\n\r\n\t\t\t\t<script>\r\n\t\t\t\tif ( typeof huOptions !== 'undefined' ) {\r\n\t\t\t\t\tvar huFormData = {\"source\":\"contactform7\",\"id\":204,\"title\":\"Reserva plaza\",\"fields\":{\"subject\":{\"first_name\":\"your-name\",\"email\":\"your-email\"},\"preferences\":{\"terms\":\"your-consent\"}}};\r\n\t\t\t\t\tvar huFormNode = document.querySelector( '[id^=\"wpcf7-f204-\"] form' );\r\n\r\n\t\t\t\t\thuFormData['node'] = huFormNode;\r\n\t\t\t\t\thuOptions['forms'].push( huFormData );\r\n\t\t\t\t}\r\n\t\t\t\t<\/script>    <\/div>\n<\/div><\/div>[vc_empty_space][\/vc_column][\/vc_row][vc_row css_animation=\u00bb\u00bb row_type=\u00bbrow\u00bb use_row_as_full_screen_section=\u00bbno\u00bb type=\u00bbgrid\u00bb angled_section=\u00bbno\u00bb text_align=\u00bbleft\u00bb background_image_as_pattern=\u00bbwithout_pattern\u00bb z_index=\u00bb\u00bb][vc_column][vc_empty_space height=\u00bb28px\u00bb][vc_raw_html]JTNDaWZyYW1lJTIwc3JjJTNEJTIyaHR0cHMlM0ElMkYlMkZ3d3cuZ29vZ2xlLmNvbSUyRm1hcHMlMkZlbWJlZCUzRnBiJTNEJTIxMW0xOCUyMTFtMTIlMjExbTMlMjExZDMxMDcuNzU5NTY3NTQwNDU2NCUyMTJkMC4wODY1NDY4NTEyOTEzODY2NyUyMTNkMzguODM3OTY2ODU3OTQ5MjIlMjEybTMlMjExZjAlMjEyZjAlMjEzZjAlMjEzbTIlMjExaTEwMjQlMjEyaTc2OCUyMTRmMTMuMSUyMTNtMyUyMTFtMiUyMTFzMHgxMjllMWQ4MGVkYjBkN2U5JTI1M0EweDdkNjNlNDg0MWFlMjdmZGMlMjEyc0FOSUNVUkElMjUyME1hcmluYSUyNTIwQWx0YSUyMTVlMCUyMTNtMiUyMTFzZXMlMjEyc2VzJTIxNHYxNTk0MzgxMTQ3MDU1JTIxNW0yJTIxMXNlcyUyMTJzZXMlMjIlMjB3aWR0aCUzRCUyMjEwMCUyNSUyMiUyMGhlaWdodCUzRCUyMjQ1MCUyMiUyMGZyYW1lYm9yZGVyJTNEJTIyMCUyMiUyMHN0eWxlJTNEJTIyYm9yZGVyJTNBMCUzQiUyMiUyMGFsbG93ZnVsbHNjcmVlbiUzRCUyMiUyMiUyMGFyaWEtaGlkZGVuJTNEJTIyZmFsc2UlMjIlMjB0YWJpbmRleCUzRCUyMjAlMjIlM0UlM0MlMkZpZnJhbWUlM0U=[\/vc_raw_html][vc_empty_space height=\u00bb40px\u00bb][\/vc_column][\/vc_row]<\/p>\n","protected":false},"excerpt":{"rendered":"<p>[vc_row css_animation=\u00bb\u00bb row_type=\u00bbrow\u00bb use_row_as_full_screen_section=\u00bbno\u00bb type=\u00bbfull_width\u00bb angled_section=\u00bbno\u00bb text_align=\u00bbcenter\u00bb background_image_as_pattern=\u00bbwithout_pattern\u00bb background_image=\u00bb36&#8243; z_index=\u00bb\u00bb][vc_column][vc_empty_space height=\u00bb120px\u00bb][vc_column_text] ANICURA MARINA ALTA C.V. [\/vc_column_text][vc_empty_space height=\u00bb60px\u00bb][\/vc_column][\/vc_row][vc_row css_animation=\u00bb\u00bb row_type=\u00bbrow\u00bb use_row_as_full_screen_section=\u00bbno\u00bb type=\u00bbfull_width\u00bb angled_section=\u00bbno\u00bb text_align=\u00bbleft\u00bb background_image_as_pattern=\u00bbwithout_pattern\u00bb][vc_column][vc_empty_space height=\u00bb30px\u00bb][\/vc_column][\/vc_row][vc_row css_animation=\u00bb\u00bb row_type=\u00bbrow\u00bb use_row_as_full_screen_section=\u00bbno\u00bb type=\u00bbgrid\u00bb angled_section=\u00bbno\u00bb text_align=\u00bbleft\u00bb background_image_as_pattern=\u00bbwithout_pattern\u00bb z_index=\u00bb\u00bb][vc_column width=\u00bb1\/2&#8243;][vc_single_image image=\u00bb1362&#8243; img_size=\u00bblarge\u00bb alignment=\u00bbcenter\u00bb qode_css_animation=\u00bb\u00bb][vc_empty_space][vc_empty_space][\/vc_column][vc_column width=\u00bb1\/2&#8243;][vc_row_inner row_type=\u00bbrow\u00bb type=\u00bbfull_width\u00bb text_align=\u00bbleft\u00bb css_animation=\u00bb\u00bb css=\u00bb.vc_custom_1592408349122{padding-top: 0px&#8230;<\/p>\n","protected":false},"author":1,"featured_media":1362,"parent":16,"menu_order":0,"comment_status":"closed","ping_status":"closed","template":"full_width.php","meta":{"footnotes":""},"class_list":["post-377","page","type-page","status-publish","has-post-thumbnail","hentry"],"_links":{"self":[{"href":"https:\/\/www.cursoacv.com\/index.php?rest_route=\/wp\/v2\/pages\/377","targetHints":{"allow":["GET"]}}],"collection":[{"href":"https:\/\/www.cursoacv.com\/index.php?rest_route=\/wp\/v2\/pages"}],"about":[{"href":"https:\/\/www.cursoacv.com\/index.php?rest_route=\/wp\/v2\/types\/page"}],"author":[{"embeddable":true,"href":"https:\/\/www.cursoacv.com\/index.php?rest_route=\/wp\/v2\/users\/1"}],"replies":[{"embeddable":true,"href":"https:\/\/www.cursoacv.com\/index.php?rest_route=%2Fwp%2Fv2%2Fcomments&post=377"}],"version-history":[{"count":16,"href":"https:\/\/www.cursoacv.com\/index.php?rest_route=\/wp\/v2\/pages\/377\/revisions"}],"predecessor-version":[{"id":1370,"href":"https:\/\/www.cursoacv.com\/index.php?rest_route=\/wp\/v2\/pages\/377\/revisions\/1370"}],"up":[{"embeddable":true,"href":"https:\/\/www.cursoacv.com\/index.php?rest_route=\/wp\/v2\/pages\/16"}],"wp:featuredmedia":[{"embeddable":true,"href":"https:\/\/www.cursoacv.com\/index.php?rest_route=\/wp\/v2\/media\/1362"}],"wp:attachment":[{"href":"https:\/\/www.cursoacv.com\/index.php?rest_route=%2Fwp%2Fv2%2Fmedia&parent=377"}],"curies":[{"name":"wp","href":"https:\/\/api.w.org\/{rel}","templated":true}]}}